{"id":5,"date":"2023-05-24T06:44:25","date_gmt":"2023-05-24T06:44:25","guid":{"rendered":"https:\/\/teruletfejlesztok.hu\/?page_id=5"},"modified":"2025-02-18T12:56:50","modified_gmt":"2025-02-18T10:56:50","slug":"about","status":"publish","type":"page","link":"https:\/\/teruletfejlesztok.hu\/index.php\/about\/","title":{"rendered":"R\u00f3lunk"},"content":{"rendered":"\t\t<div data-elementor-type=\"wp-page\" data-elementor-id=\"5\" class=\"elementor elementor-5\">\n\t\t\t\t\t\t\t<div class=\"elementor-element elementor-element-42c7a6a5 e-flex e-con-boxed e-con e-parent\" data-id=\"42c7a6a5\" data-element_type=\"container\" data-settings=\"{&quot;content_width&quot;:&quot;boxed&quot;}\" data-core-v316-plus=\"true\">\n\t\t\t\t\t<div class=\"e-con-inner\">\n\t\t\t\t<div class=\"elementor-element elementor-element-6e186c49 elementor-widget elementor-widget-text-editor\" data-id=\"6e186c49\" data-element_type=\"widget\" data-widget_type=\"text-editor.default\">\n\t\t\t\t<div class=\"elementor-widget-container\">\n\t\t\t<style>\/*! elementor - v3.18.0 - 08-12-2023 *\/\n.elementor-widget-text-editor.elementor-drop-cap-view-stacked .elementor-drop-cap{background-color:#69727d;color:#fff}.elementor-widget-text-editor.elementor-drop-cap-view-framed .elementor-drop-cap{color:#69727d;border:3px solid;background-color:transparent}.elementor-widget-text-editor:not(.elementor-drop-cap-view-default) .elementor-drop-cap{margin-top:8px}.elementor-widget-text-editor:not(.elementor-drop-cap-view-default) .elementor-drop-cap-letter{width:1em;height:1em}.elementor-widget-text-editor .elementor-drop-cap{float:left;text-align:center;line-height:1;font-size:50px}.elementor-widget-text-editor .elementor-drop-cap-letter{display:inline-block}<\/style>\t\t\t\t<p>A Ter\u00fcletfejleszt\u0151k a Vid\u00e9k\u00e9rt Egyes\u00fclet (kor\u00e1bbi nev\u00e9n Ter\u00fcletfejleszt\u0151k \u00e9s Polg\u00e1rmesterek Klubja Egyes\u00fclet)1998-ban alakult, hogy szakmai t\u00e1mogat\u00e1st ny\u00fajtson a kisebb telep\u00fcl\u00e9sek megv\u00e1lasztott polg\u00e1rmestereinek \u00e9s \u00f6nkorm\u00e1nyzati test\u00fcleteinek. A szervezet c\u00e9lja, hogy hozz\u00e1j\u00e1ruljon a helyi \u00f6nkorm\u00e1nyzatok meger\u0151s\u00edt\u00e9s\u00e9hez, k\u00fcl\u00f6n\u00f6s tekintettel a ter\u00fcletfejleszt\u00e9si kih\u00edv\u00e1sokra, amelyekkel a vid\u00e9ki telep\u00fcl\u00e9sek szembes\u00fcltek az orsz\u00e1g uni\u00f3s csatlakoz\u00e1s\u00e1nak el\u0151k\u00e9sz\u00edt\u0151 szakasz\u00e1ban.<\/p>\n<p><!-- \/wp:paragraph --><!-- wp:video --><!-- \/wp:video --><!-- wp:paragraph --><\/p>\t\t\t\t\t\t<\/div>\n\t\t\t\t<\/div>\n\t\t\t\t\t<\/div>\n\t\t\t\t<\/div>\n\t\t<div class=\"elementor-element elementor-element-3f96f31 e-flex e-con-boxed e-con e-parent\" data-id=\"3f96f31\" data-element_type=\"container\" data-settings=\"{&quot;content_width&quot;:&quot;boxed&quot;}\" data-core-v316-plus=\"true\">\n\t\t\t\t\t<div class=\"e-con-inner\">\n\t\t\t\t<div class=\"elementor-element elementor-element-323d0f8 elementor-widget elementor-widget-video\" data-id=\"323d0f8\" data-element_type=\"widget\" data-settings=\"{&quot;youtube_url&quot;:&quot;https:\\\/\\\/www.youtube.com\\\/watch?v=tqT2Rt-X8-w&amp;t=9s&quot;,&quot;video_type&quot;:&quot;youtube&quot;,&quot;controls&quot;:&quot;yes&quot;}\" data-widget_type=\"video.default\">\n\t\t\t\t<div class=\"elementor-widget-container\">\n\t\t\t<style>\/*! elementor - v3.18.0 - 08-12-2023 *\/\n.elementor-widget-video .elementor-widget-container{overflow:hidden;transform:translateZ(0)}.elementor-widget-video .elementor-wrapper{aspect-ratio:var(--video-aspect-ratio)}.elementor-widget-video .elementor-wrapper iframe,.elementor-widget-video .elementor-wrapper video{height:100%;width:100%;display:flex;border:none;background-color:#000}@supports not (aspect-ratio:1\/1){.elementor-widget-video .elementor-wrapper{position:relative;overflow:hidden;height:0;padding-bottom:calc(100% \/ var(--video-aspect-ratio))}.elementor-widget-video .elementor-wrapper iframe,.elementor-widget-video .elementor-wrapper video{position:absolute;top:0;right:0;bottom:0;left:0}}.elementor-widget-video .elementor-open-inline .elementor-custom-embed-image-overlay{position:absolute;top:0;right:0;bottom:0;left:0;background-size:cover;background-position:50%}.elementor-widget-video .elementor-custom-embed-image-overlay{cursor:pointer;text-align:center}.elementor-widget-video .elementor-custom-embed-image-overlay:hover .elementor-custom-embed-play i{opacity:1}.elementor-widget-video .elementor-custom-embed-image-overlay img{display:block;width:100%;aspect-ratio:var(--video-aspect-ratio);-o-object-fit:cover;object-fit:cover;-o-object-position:center center;object-position:center center}@supports not (aspect-ratio:1\/1){.elementor-widget-video .elementor-custom-embed-image-overlay{position:relative;overflow:hidden;height:0;padding-bottom:calc(100% \/ var(--video-aspect-ratio))}.elementor-widget-video .elementor-custom-embed-image-overlay img{position:absolute;top:0;right:0;bottom:0;left:0}}.elementor-widget-video .e-hosted-video .elementor-video{-o-object-fit:cover;object-fit:cover}.e-con-inner>.elementor-widget-video,.e-con>.elementor-widget-video{width:var(--container-widget-width);--flex-grow:var(--container-widget-flex-grow)}<\/style>\t\t<div class=\"elementor-wrapper elementor-open-inline\">\n\t\t\t<div class=\"elementor-video\"><\/div>\t\t<\/div>\n\t\t\t\t<\/div>\n\t\t\t\t<\/div>\n\t\t\t\t\t<\/div>\n\t\t\t\t<\/div>\n\t\t<div class=\"elementor-element elementor-element-6c421bd e-flex e-con-boxed e-con e-parent\" data-id=\"6c421bd\" data-element_type=\"container\" data-settings=\"{&quot;content_width&quot;:&quot;boxed&quot;}\" data-core-v316-plus=\"true\">\n\t\t\t\t\t<div class=\"e-con-inner\">\n\t\t\t\t<div class=\"elementor-element elementor-element-0793551 elementor-widget elementor-widget-text-editor\" data-id=\"0793551\" data-element_type=\"widget\" data-widget_type=\"text-editor.default\">\n\t\t\t\t<div class=\"elementor-widget-container\">\n\t\t\t\t\t\t\t<p>Az Egyes\u00fclet felismerte, hogy a telep\u00fcl\u00e9sek vezet\u0151i gyakran nem rendelkeztek kell\u0151 szakmai tapasztalattal a k\u00f6zigazgat\u00e1sban, mik\u00f6zben olyan \u00f6sszetett feladatokkal kellett szemben\u00e9zni\u00fck, mint a strat\u00e9giai tervez\u00e9s, a fejleszt\u00e9si projektek el\u0151k\u00e9sz\u00edt\u00e9se, valamint a nemzetk\u00f6zi t\u00e1mogat\u00e1si rendszerekhez val\u00f3 alkalmazkod\u00e1s. Az orsz\u00e1g 2004-es uni\u00f3s csatlakoz\u00e1s\u00e1t megel\u0151z\u0151en k\u00fcl\u00f6n\u00f6sen fontos volt, hogy a vid\u00e9ki t\u00e9rs\u00e9gek is r\u00e9szes\u00fcljenek az olyan programok ny\u00fajtotta el\u0151ny\u00f6kb\u0151l, mint az Agenda 2000, a PHARE, az ISPA \u00e9s a SAPARD, amelyek a helyi gazdas\u00e1g \u00e9s infrastrukt\u00fara fejleszt\u00e9s\u00e9t c\u00e9lozt\u00e1k.<\/p>\n<p>Az Egyes\u00fclet tev\u00e9kenys\u00e9ge az \u00e9vek sor\u00e1n a vid\u00e9ki k\u00f6z\u00f6ss\u00e9gek \u00e9rdekeinek k\u00e9pviselet\u00e9re, a helyi er\u0151forr\u00e1sok fenntarthat\u00f3 hasznos\u00edt\u00e1s\u00e1ra \u00e9s a t\u00e1rsadalmi koh\u00e9zi\u00f3 er\u0151s\u00edt\u00e9s\u00e9re is kiterjedt. Innovat\u00edv megold\u00e1sokat k\u00edn\u00e1lt a telep\u00fcl\u00e9sek sz\u00e1m\u00e1ra, el\u0151seg\u00edtve a szakmai tud\u00e1s b\u0151v\u00edt\u00e9s\u00e9t, valamint a hossz\u00fa t\u00e1v\u00fa fejl\u0151d\u00e9s megalapoz\u00e1s\u00e1t a vid\u00e9ki t\u00e9rs\u00e9gekben.<\/p>\n<p>Egyes\u00fclet\u00fcnk Helyi Vid\u00e9kfejleszt\u00e9si Irodak\u00e9nt funkcion\u00e1lt az azt biztos\u00edt\u00f3 program befejez\u00e9s\u00e9ig.<\/p>\t\t\t\t\t\t<\/div>\n\t\t\t\t<\/div>\n\t\t\t\t\t<\/div>\n\t\t\t\t<\/div>\n\t\t<div class=\"elementor-element elementor-element-16b364d e-flex e-con-boxed e-con e-parent\" data-id=\"16b364d\" data-element_type=\"container\" data-settings=\"{&quot;content_width&quot;:&quot;boxed&quot;}\" data-core-v316-plus=\"true\">\n\t\t\t\t\t<div class=\"e-con-inner\">\n\t\t\t\t<div class=\"elementor-element elementor-element-78580e4 elementor-widget elementor-widget-video\" data-id=\"78580e4\" data-element_type=\"widget\" data-settings=\"{&quot;youtube_url&quot;:&quot;https:\\\/\\\/www.youtube.com\\\/watch?v=IfOBLEZJgfU&quot;,&quot;video_type&quot;:&quot;youtube&quot;,&quot;controls&quot;:&quot;yes&quot;}\" data-widget_type=\"video.default\">\n\t\t\t\t<div class=\"elementor-widget-container\">\n\t\t\t\t\t<div class=\"elementor-wrapper elementor-open-inline\">\n\t\t\t<div class=\"elementor-video\"><\/div>\t\t<\/div>\n\t\t\t\t<\/div>\n\t\t\t\t<\/div>\n\t\t\t\t<div class=\"elementor-element elementor-element-55c7eea elementor-widget elementor-widget-text-editor\" data-id=\"55c7eea\" data-element_type=\"widget\" data-widget_type=\"text-editor.default\">\n\t\t\t\t<div class=\"elementor-widget-container\">\n\t\t\t\t\t\t\t<p>2005 \u00f3ta az Erasmus+ program keret\u00e9ben (kor\u00e1bban Fiatalok Lend\u00fcletben) nemzetk\u00f6zi munk\u00e1t v\u00e9gezt\u00fcnk, ahova igyekezt\u00fcnk bevonni nemcsak a p\u00e9csi hanem a k\u00f6rnyez\u0151 telep\u00fcl\u00e9sek fiataljait is.<\/p>\n<p>2008 \u00f3ta \u00f6nk\u00e9nteseket koordin\u00e1ltunk, fogadtunk \u00e9s k\u00fcldt\u00fcnk sz\u00e1mos partner bevon\u00e1s\u00e1val, t\u00f6bb, mint 300 fiatalt hossz\u00fat\u00e1v\u00fa \u00e9s 200 fiatalt r\u00f6vidt\u00e1v\u00fa projektekben.<\/p>\n<p><strong>N\u00e9v<\/strong><\/p>\n<p>Ter\u00fcletfejleszt\u0151k a Vid\u00e9k\u00e9rt Egyes\u00fclet<\/p>\n<p><strong>Idegen nyelv\u0171 n\u00e9v<\/strong><\/p>\n<p>Rural Developers<\/p>\t\t\t\t\t\t<\/div>\n\t\t\t\t<\/div>\n\t\t\t\t\t<\/div>\n\t\t\t\t<\/div>\n\t\t\t\t\t\t\t<\/div>\n\t\t","protected":false},"excerpt":{"rendered":"<p>A Ter\u00fcletfejleszt\u0151k a Vid\u00e9k\u00e9rt Egyes\u00fclet (kor\u00e1bbi nev\u00e9n Ter\u00fcletfejleszt\u0151k \u00e9s Polg\u00e1rmesterek Klubja Egyes\u00fclet)1998-ban alakult, hogy szakmai t\u00e1mogat\u00e1st ny\u00fajtson a kisebb telep\u00fcl\u00e9sek megv\u00e1lasztott polg\u00e1rmestereinek \u00e9s \u00f6nkorm\u00e1nyzati test\u00fcleteinek. A szervezet c\u00e9lja, hogy hozz\u00e1j\u00e1ruljon a helyi \u00f6nkorm\u00e1nyzatok meger\u0151s\u00edt\u00e9s\u00e9hez, k\u00fcl\u00f6n\u00f6s tekintettel a ter\u00fcletfejleszt\u00e9si kih\u00edv\u00e1sokra, amelyekkel a vid\u00e9ki telep\u00fcl\u00e9sek szembes\u00fcltek az orsz\u00e1g uni\u00f3s csatlakoz\u00e1s\u00e1nak el\u0151k\u00e9sz\u00edt\u0151 szakasz\u00e1ban. https:\/\/www.youtube.com\/watch?v=tqT2Rt-X8-w&#038;t=9s Az Egyes\u00fclet felismerte, hogy &hellip; <\/p>\n","protected":false},"author":1,"featured_media":0,"parent":0,"menu_order":0,"comment_status":"closed","ping_status":"closed","template":"","meta":{"footnotes":""},"class_list":["post-5","page","type-page","status-publish","hentry","grid-sizer"],"_links":{"self":[{"href":"https:\/\/teruletfejlesztok.hu\/index.php\/wp-json\/wp\/v2\/pages\/5","targetHints":{"allow":["GET"]}}],"collection":[{"href":"https:\/\/teruletfejlesztok.hu\/index.php\/wp-json\/wp\/v2\/pages"}],"about":[{"href":"https:\/\/teruletfejlesztok.hu\/index.php\/wp-json\/wp\/v2\/types\/page"}],"author":[{"embeddable":true,"href":"https:\/\/teruletfejlesztok.hu\/index.php\/wp-json\/wp\/v2\/users\/1"}],"replies":[{"embeddable":true,"href":"https:\/\/teruletfejlesztok.hu\/index.php\/wp-json\/wp\/v2\/comments?post=5"}],"version-history":[{"count":30,"href":"https:\/\/teruletfejlesztok.hu\/index.php\/wp-json\/wp\/v2\/pages\/5\/revisions"}],"predecessor-version":[{"id":163,"href":"https:\/\/teruletfejlesztok.hu\/index.php\/wp-json\/wp\/v2\/pages\/5\/revisions\/163"}],"wp:attachment":[{"href":"https:\/\/teruletfejlesztok.hu\/index.php\/wp-json\/wp\/v2\/media?parent=5"}],"curies":[{"name":"wp","href":"https:\/\/api.w.org\/{rel}","templated":true}]}}